{"id":2187,"date":"2020-01-07T22:30:44","date_gmt":"2020-01-07T22:30:44","guid":{"rendered":"https:\/\/internetmarine.net\/?page_id=2187"},"modified":"2020-01-07T22:51:53","modified_gmt":"2020-01-07T22:51:53","slug":"tests","status":"publish","type":"page","link":"https:\/\/internetmarine.net\/fr\/essais\/","title":{"rendered":"Les tests"},"content":{"rendered":"<ul>\n<li><a href=\"https:\/\/internetmarine.net\/fr\/formulaire-rapport-etablissement-general\/\">Formulaire de rapport d&#039;installation - G\u00e9n\u00e9ral<\/a>\n<ul>\n<li><a href=\"https:\/\/internetmarine.net\/fr\/1er-auditorium-test-rapport-donnees-generales\/\">1er rapport d&#039;essai de l&#039;auditorium - Donn\u00e9es g\u00e9n\u00e9rales<\/a><br \/>\n<a href=\"https:\/\/internetmarine.net\/fr\/1er-auditorium-test-rapport-2d-rapport\/\">1er rapport de test de l&#039;auditorium - Rapport 2D<\/a><\/li>\n<li><a href=\"https:\/\/internetmarine.net\/fr\/1er-auditorium-rapport-test-rapport-3d\/\">1er rapport de test de l&#039;auditorium - Rapport 3D<\/a><\/li>\n<li><a href=\"https:\/\/internetmarine.net\/fr\/1er-auditorium-test-rapport-photos-rapport\/\">1er rapport d&#039;essai de l&#039;auditorium - Rapport photos<\/a><\/li>\n<\/ul>\n<\/li>\n<\/ul>\n<p><a href=\"https:\/\/internetmarine.net\/fr\/essais\/presentation-des-gestionnaires-audio-et-image\/\">Visite guid\u00e9e du gestionnaire - Audio et image<\/a><\/p>\n<p>&nbsp;<\/p>","protected":false},"excerpt":{"rendered":"<p>Formulaire de rapport d&#039;installation - Rapport de test g\u00e9n\u00e9ral du 1er auditorium - Donn\u00e9es g\u00e9n\u00e9rales 1er rapport de test de l&#039;auditorium - Rapport 2D 1er rapport de test de l&#039;auditorium - Rapport 3D 1er rapport de test de l&#039;auditorium - Pr\u00e9sentation du rapport du gestionnaire de rapport d&#039;images - Audio et image &nbsp;<\/p>","protected":false},"author":48,"featured_media":0,"parent":0,"menu_order":0,"comment_status":"closed","ping_status":"closed","template":"","meta":{"footnotes":""},"_links":{"self":[{"href":"https:\/\/internetmarine.net\/fr\/wp-json\/wp\/v2\/pages\/2187"}],"collection":[{"href":"https:\/\/internetmarine.net\/fr\/wp-json\/wp\/v2\/pages"}],"about":[{"href":"https:\/\/internetmarine.net\/fr\/wp-json\/wp\/v2\/types\/page"}],"author":[{"embeddable":true,"href":"https:\/\/internetmarine.net\/fr\/wp-json\/wp\/v2\/users\/48"}],"replies":[{"embeddable":true,"href":"https:\/\/internetmarine.net\/fr\/wp-json\/wp\/v2\/comments?post=2187"}],"version-history":[{"count":5,"href":"https:\/\/internetmarine.net\/fr\/wp-json\/wp\/v2\/pages\/2187\/revisions"}],"predecessor-version":[{"id":2206,"href":"https:\/\/internetmarine.net\/fr\/wp-json\/wp\/v2\/pages\/2187\/revisions\/2206"}],"wp:attachment":[{"href":"https:\/\/internetmarine.net\/fr\/wp-json\/wp\/v2\/media?parent=2187"}],"curies":[{"name":"wp","href":"https:\/\/api.w.org\/{rel}","templated":true}]}}